{"id":467,"date":"2024-04-02T12:48:41","date_gmt":"2024-04-02T12:48:41","guid":{"rendered":"https:\/\/chateau-lalagune.com\/biodiversity\/"},"modified":"2024-05-31T07:20:13","modified_gmt":"2024-05-31T07:20:13","slug":"biodiversity","status":"publish","type":"page","link":"https:\/\/chateau-lalagune.com\/fr\/biodiversity\/","title":{"rendered":"BIODIVERSITE"},"content":{"rendered":"","protected":false},"excerpt":{"rendered":"","protected":false},"author":1,"featured_media":376,"parent":0,"menu_order":0,"comment_status":"closed","ping_status":"closed","template":"","meta":{"_acf_changed":false,"footnotes":""},"class_list":["post-467","page","type-page","status-publish","has-post-thumbnail","hentry"],"acf":[],"yoast_head":"<!-- This site is optimized with the Yoast SEO plugin v27.3 - https:\/\/yoast.com\/product\/yoast-seo-wordpress\/ -->\n<title>Ch\u00e2teau La Lagune - Vins<\/title>\n<meta name=\"description\" content=\"Appr\u00e9ci\u00e9 et reconnu depuis le XVIIIe si\u00e8cle, enchanteur par sa sinc\u00e9rit\u00e9 aromatique et le grain de sa texture. Un \u00e9quilibre unique entre la puissance et l\u2019\u00e9l\u00e9gance.\" \/>\n<meta name=\"robots\" content=\"index, follow, max-snippet:-1, max-image-preview:large, max-video-preview:-1\" \/>\n<link rel=\"canonical\" href=\"https:\/\/chateau-lalagune.com\/fr\/biodiversity\/\" \/>\n<meta property=\"og:locale\" content=\"fr_FR\" \/>\n<meta property=\"og:type\" content=\"article\" \/>\n<meta property=\"og:title\" content=\"Ch\u00e2teau La Lagune - Vins\" \/>\n<meta property=\"og:description\" content=\"Appr\u00e9ci\u00e9 et reconnu depuis le XVIIIe si\u00e8cle, enchanteur par sa sinc\u00e9rit\u00e9 aromatique et le grain de sa texture. Un \u00e9quilibre unique entre la puissance et l\u2019\u00e9l\u00e9gance.\" \/>\n<meta property=\"og:url\" content=\"https:\/\/chateau-lalagune.com\/fr\/biodiversity\/\" \/>\n<meta property=\"og:site_name\" content=\"La Lagune\" \/>\n<meta property=\"article:modified_time\" content=\"2024-05-31T07:20:13+00:00\" \/>\n<meta property=\"og:image\" content=\"https:\/\/chateau-lalagune.com\/wp-content\/uploads\/2024\/04\/LL_homepage_Biodiversity_at_Chateau_La_Lagune-11-Copy.jpg\" \/>\n\t<meta property=\"og:image:width\" content=\"1920\" \/>\n\t<meta property=\"og:image:height\" content=\"1280\" \/>\n\t<meta property=\"og:image:type\" content=\"image\/jpeg\" \/>\n<meta name=\"twitter:card\" content=\"summary_large_image\" \/>\n<meta name=\"twitter:label1\" content=\"Dur\u00e9e de lecture estim\u00e9e\" \/>\n\t<meta name=\"twitter:data1\" content=\"1 minute\" \/>\n<script type=\"application\/ld+json\" class=\"yoast-schema-graph\">{\"@context\":\"https:\\\/\\\/schema.org\",\"@graph\":[{\"@type\":\"WebPage\",\"@id\":\"https:\\\/\\\/chateau-lalagune.com\\\/fr\\\/biodiversity\\\/\",\"url\":\"https:\\\/\\\/chateau-lalagune.com\\\/fr\\\/biodiversity\\\/\",\"name\":\"Ch\u00e2teau La Lagune - Vins\",\"isPartOf\":{\"@id\":\"https:\\\/\\\/chateau-lalagune.com\\\/fr\\\/#website\"},\"primaryImageOfPage\":{\"@id\":\"https:\\\/\\\/chateau-lalagune.com\\\/fr\\\/biodiversity\\\/#primaryimage\"},\"image\":{\"@id\":\"https:\\\/\\\/chateau-lalagune.com\\\/fr\\\/biodiversity\\\/#primaryimage\"},\"thumbnailUrl\":\"https:\\\/\\\/chateau-lalagune.com\\\/wp-content\\\/uploads\\\/2024\\\/04\\\/LL_homepage_Biodiversity_at_Chateau_La_Lagune-11-Copy.jpg\",\"datePublished\":\"2024-04-02T12:48:41+00:00\",\"dateModified\":\"2024-05-31T07:20:13+00:00\",\"description\":\"Appr\u00e9ci\u00e9 et reconnu depuis le XVIIIe si\u00e8cle, enchanteur par sa sinc\u00e9rit\u00e9 aromatique et le grain de sa texture. Un \u00e9quilibre unique entre la puissance et l\u2019\u00e9l\u00e9gance.\",\"breadcrumb\":{\"@id\":\"https:\\\/\\\/chateau-lalagune.com\\\/fr\\\/biodiversity\\\/#breadcrumb\"},\"inLanguage\":\"fr-FR\",\"potentialAction\":[{\"@type\":\"ReadAction\",\"target\":[\"https:\\\/\\\/chateau-lalagune.com\\\/fr\\\/biodiversity\\\/\"]}]},{\"@type\":\"ImageObject\",\"inLanguage\":\"fr-FR\",\"@id\":\"https:\\\/\\\/chateau-lalagune.com\\\/fr\\\/biodiversity\\\/#primaryimage\",\"url\":\"https:\\\/\\\/chateau-lalagune.com\\\/wp-content\\\/uploads\\\/2024\\\/04\\\/LL_homepage_Biodiversity_at_Chateau_La_Lagune-11-Copy.jpg\",\"contentUrl\":\"https:\\\/\\\/chateau-lalagune.com\\\/wp-content\\\/uploads\\\/2024\\\/04\\\/LL_homepage_Biodiversity_at_Chateau_La_Lagune-11-Copy.jpg\",\"width\":1920,\"height\":1280},{\"@type\":\"BreadcrumbList\",\"@id\":\"https:\\\/\\\/chateau-lalagune.com\\\/fr\\\/biodiversity\\\/#breadcrumb\",\"itemListElement\":[{\"@type\":\"ListItem\",\"position\":1,\"name\":\"Home\",\"item\":\"https:\\\/\\\/chateau-lalagune.com\\\/fr\\\/\"},{\"@type\":\"ListItem\",\"position\":2,\"name\":\"BIODIVERSITE\"}]},{\"@type\":\"WebSite\",\"@id\":\"https:\\\/\\\/chateau-lalagune.com\\\/fr\\\/#website\",\"url\":\"https:\\\/\\\/chateau-lalagune.com\\\/fr\\\/\",\"name\":\"La Lagune\",\"description\":\"\",\"publisher\":{\"@id\":\"https:\\\/\\\/chateau-lalagune.com\\\/fr\\\/#organization\"},\"potentialAction\":[{\"@type\":\"SearchAction\",\"target\":{\"@type\":\"EntryPoint\",\"urlTemplate\":\"https:\\\/\\\/chateau-lalagune.com\\\/fr\\\/?s={search_term_string}\"},\"query-input\":{\"@type\":\"PropertyValueSpecification\",\"valueRequired\":true,\"valueName\":\"search_term_string\"}}],\"inLanguage\":\"fr-FR\"},{\"@type\":\"Organization\",\"@id\":\"https:\\\/\\\/chateau-lalagune.com\\\/fr\\\/#organization\",\"name\":\"La Lagune\",\"url\":\"https:\\\/\\\/chateau-lalagune.com\\\/fr\\\/\",\"logo\":{\"@type\":\"ImageObject\",\"inLanguage\":\"fr-FR\",\"@id\":\"https:\\\/\\\/chateau-lalagune.com\\\/fr\\\/#\\\/schema\\\/logo\\\/image\\\/\",\"url\":\"https:\\\/\\\/chateau-lalagune.com\\\/wp-content\\\/uploads\\\/2024\\\/04\\\/favicon.png\",\"contentUrl\":\"https:\\\/\\\/chateau-lalagune.com\\\/wp-content\\\/uploads\\\/2024\\\/04\\\/favicon.png\",\"width\":167,\"height\":167,\"caption\":\"La Lagune\"},\"image\":{\"@id\":\"https:\\\/\\\/chateau-lalagune.com\\\/fr\\\/#\\\/schema\\\/logo\\\/image\\\/\"}}]}<\/script>\n<!-- \/ Yoast SEO plugin. -->","yoast_head_json":{"title":"Ch\u00e2teau La Lagune - Vins","description":"Appr\u00e9ci\u00e9 et reconnu depuis le XVIIIe si\u00e8cle, enchanteur par sa sinc\u00e9rit\u00e9 aromatique et le grain de sa texture. Un \u00e9quilibre unique entre la puissance et l\u2019\u00e9l\u00e9gance.","robots":{"index":"index","follow":"follow","max-snippet":"max-snippet:-1","max-image-preview":"max-image-preview:large","max-video-preview":"max-video-preview:-1"},"canonical":"https:\/\/chateau-lalagune.com\/fr\/biodiversity\/","og_locale":"fr_FR","og_type":"article","og_title":"Ch\u00e2teau La Lagune - Vins","og_description":"Appr\u00e9ci\u00e9 et reconnu depuis le XVIIIe si\u00e8cle, enchanteur par sa sinc\u00e9rit\u00e9 aromatique et le grain de sa texture. Un \u00e9quilibre unique entre la puissance et l\u2019\u00e9l\u00e9gance.","og_url":"https:\/\/chateau-lalagune.com\/fr\/biodiversity\/","og_site_name":"La Lagune","article_modified_time":"2024-05-31T07:20:13+00:00","og_image":[{"width":1920,"height":1280,"url":"https:\/\/chateau-lalagune.com\/wp-content\/uploads\/2024\/04\/LL_homepage_Biodiversity_at_Chateau_La_Lagune-11-Copy.jpg","type":"image\/jpeg"}],"twitter_card":"summary_large_image","twitter_misc":{"Dur\u00e9e de lecture estim\u00e9e":"1 minute"},"schema":{"@context":"https:\/\/schema.org","@graph":[{"@type":"WebPage","@id":"https:\/\/chateau-lalagune.com\/fr\/biodiversity\/","url":"https:\/\/chateau-lalagune.com\/fr\/biodiversity\/","name":"Ch\u00e2teau La Lagune - Vins","isPartOf":{"@id":"https:\/\/chateau-lalagune.com\/fr\/#website"},"primaryImageOfPage":{"@id":"https:\/\/chateau-lalagune.com\/fr\/biodiversity\/#primaryimage"},"image":{"@id":"https:\/\/chateau-lalagune.com\/fr\/biodiversity\/#primaryimage"},"thumbnailUrl":"https:\/\/chateau-lalagune.com\/wp-content\/uploads\/2024\/04\/LL_homepage_Biodiversity_at_Chateau_La_Lagune-11-Copy.jpg","datePublished":"2024-04-02T12:48:41+00:00","dateModified":"2024-05-31T07:20:13+00:00","description":"Appr\u00e9ci\u00e9 et reconnu depuis le XVIIIe si\u00e8cle, enchanteur par sa sinc\u00e9rit\u00e9 aromatique et le grain de sa texture. Un \u00e9quilibre unique entre la puissance et l\u2019\u00e9l\u00e9gance.","breadcrumb":{"@id":"https:\/\/chateau-lalagune.com\/fr\/biodiversity\/#breadcrumb"},"inLanguage":"fr-FR","potentialAction":[{"@type":"ReadAction","target":["https:\/\/chateau-lalagune.com\/fr\/biodiversity\/"]}]},{"@type":"ImageObject","inLanguage":"fr-FR","@id":"https:\/\/chateau-lalagune.com\/fr\/biodiversity\/#primaryimage","url":"https:\/\/chateau-lalagune.com\/wp-content\/uploads\/2024\/04\/LL_homepage_Biodiversity_at_Chateau_La_Lagune-11-Copy.jpg","contentUrl":"https:\/\/chateau-lalagune.com\/wp-content\/uploads\/2024\/04\/LL_homepage_Biodiversity_at_Chateau_La_Lagune-11-Copy.jpg","width":1920,"height":1280},{"@type":"BreadcrumbList","@id":"https:\/\/chateau-lalagune.com\/fr\/biodiversity\/#breadcrumb","itemListElement":[{"@type":"ListItem","position":1,"name":"Home","item":"https:\/\/chateau-lalagune.com\/fr\/"},{"@type":"ListItem","position":2,"name":"BIODIVERSITE"}]},{"@type":"WebSite","@id":"https:\/\/chateau-lalagune.com\/fr\/#website","url":"https:\/\/chateau-lalagune.com\/fr\/","name":"La Lagune","description":"","publisher":{"@id":"https:\/\/chateau-lalagune.com\/fr\/#organization"},"potentialAction":[{"@type":"SearchAction","target":{"@type":"EntryPoint","urlTemplate":"https:\/\/chateau-lalagune.com\/fr\/?s={search_term_string}"},"query-input":{"@type":"PropertyValueSpecification","valueRequired":true,"valueName":"search_term_string"}}],"inLanguage":"fr-FR"},{"@type":"Organization","@id":"https:\/\/chateau-lalagune.com\/fr\/#organization","name":"La Lagune","url":"https:\/\/chateau-lalagune.com\/fr\/","logo":{"@type":"ImageObject","inLanguage":"fr-FR","@id":"https:\/\/chateau-lalagune.com\/fr\/#\/schema\/logo\/image\/","url":"https:\/\/chateau-lalagune.com\/wp-content\/uploads\/2024\/04\/favicon.png","contentUrl":"https:\/\/chateau-lalagune.com\/wp-content\/uploads\/2024\/04\/favicon.png","width":167,"height":167,"caption":"La Lagune"},"image":{"@id":"https:\/\/chateau-lalagune.com\/fr\/#\/schema\/logo\/image\/"}}]}},"_links":{"self":[{"href":"https:\/\/chateau-lalagune.com\/fr\/wp-json\/wp\/v2\/pages\/467","targetHints":{"allow":["GET"]}}],"collection":[{"href":"https:\/\/chateau-lalagune.com\/fr\/wp-json\/wp\/v2\/pages"}],"about":[{"href":"https:\/\/chateau-lalagune.com\/fr\/wp-json\/wp\/v2\/types\/page"}],"author":[{"embeddable":true,"href":"https:\/\/chateau-lalagune.com\/fr\/wp-json\/wp\/v2\/users\/1"}],"replies":[{"embeddable":true,"href":"https:\/\/chateau-lalagune.com\/fr\/wp-json\/wp\/v2\/comments?post=467"}],"version-history":[{"count":4,"href":"https:\/\/chateau-lalagune.com\/fr\/wp-json\/wp\/v2\/pages\/467\/revisions"}],"predecessor-version":[{"id":571,"href":"https:\/\/chateau-lalagune.com\/fr\/wp-json\/wp\/v2\/pages\/467\/revisions\/571"}],"wp:featuredmedia":[{"embeddable":true,"href":"https:\/\/chateau-lalagune.com\/fr\/wp-json\/wp\/v2\/media\/376"}],"wp:attachment":[{"href":"https:\/\/chateau-lalagune.com\/fr\/wp-json\/wp\/v2\/media?parent=467"}],"curies":[{"name":"wp","href":"https:\/\/api.w.org\/{rel}","templated":true}]}}