{"id":474,"date":"2024-04-04T15:24:32","date_gmt":"2024-04-04T15:24:32","guid":{"rendered":"https:\/\/chateau-lalagune.com\/moulin-du-chateau-la-lagune\/"},"modified":"2024-04-29T12:49:22","modified_gmt":"2024-04-29T12:49:22","slug":"moulin-du-chateau-la-lagune","status":"publish","type":"page","link":"https:\/\/chateau-lalagune.com\/fr\/moulin-du-chateau-la-lagune\/","title":{"rendered":"Moulin du Ch\u00e2teau La Lagune"},"content":{"rendered":"","protected":false},"excerpt":{"rendered":"","protected":false},"author":1,"featured_media":382,"parent":0,"menu_order":0,"comment_status":"closed","ping_status":"closed","template":"templates\/template-moulin.php","meta":{"_acf_changed":false,"footnotes":""},"class_list":["post-474","page","type-page","status-publish","has-post-thumbnail","hentry"],"acf":[],"yoast_head":"<!-- This site is optimized with the Yoast SEO plugin v27.0 - https:\/\/yoast.com\/product\/yoast-seo-wordpress\/ -->\n<title>Moulin du Ch\u00e2teau La Lagune - Vins<\/title>\n<meta name=\"description\" content=\"\u00c0 une centaine de m\u00e8tres du ch\u00e2teau nous observons un authentique moulin \u00e0 vent. Le Moulin du Ch\u00e2teau La Lagune, il se distingue par sa gourmandise.\" \/>\n<meta name=\"robots\" content=\"index, follow, max-snippet:-1, max-image-preview:large, max-video-preview:-1\" \/>\n<link rel=\"canonical\" href=\"https:\/\/chateau-lalagune.com\/fr\/moulin-du-chateau-la-lagune\/\" \/>\n<meta property=\"og:locale\" content=\"fr_FR\" \/>\n<meta property=\"og:type\" content=\"article\" \/>\n<meta property=\"og:title\" content=\"Moulin du Ch\u00e2teau La Lagune - Vins\" \/>\n<meta property=\"og:description\" content=\"\u00c0 une centaine de m\u00e8tres du ch\u00e2teau nous observons un authentique moulin \u00e0 vent. Le Moulin du Ch\u00e2teau La Lagune, il se distingue par sa gourmandise.\" \/>\n<meta property=\"og:url\" content=\"https:\/\/chateau-lalagune.com\/fr\/moulin-du-chateau-la-lagune\/\" \/>\n<meta property=\"og:site_name\" content=\"La Lagune\" \/>\n<meta property=\"article:modified_time\" content=\"2024-04-29T12:49:22+00:00\" \/>\n<meta property=\"og:image\" content=\"https:\/\/chateau-lalagune.com\/wp-content\/uploads\/2024\/04\/LL_-Homepage_MG_0134-Copy.jpg\" \/>\n\t<meta property=\"og:image:width\" content=\"1281\" \/>\n\t<meta property=\"og:image:height\" content=\"1920\" \/>\n\t<meta property=\"og:image:type\" content=\"image\/jpeg\" \/>\n<meta name=\"twitter:card\" content=\"summary_large_image\" \/>\n<meta name=\"twitter:label1\" content=\"Dur\u00e9e de lecture estim\u00e9e\" \/>\n\t<meta name=\"twitter:data1\" content=\"1 minute\" \/>\n<script type=\"application\/ld+json\" class=\"yoast-schema-graph\">{\"@context\":\"https:\/\/schema.org\",\"@graph\":[{\"@type\":\"WebPage\",\"@id\":\"https:\/\/chateau-lalagune.com\/fr\/moulin-du-chateau-la-lagune\/\",\"url\":\"https:\/\/chateau-lalagune.com\/fr\/moulin-du-chateau-la-lagune\/\",\"name\":\"Moulin du Ch\u00e2teau La Lagune - Vins\",\"isPartOf\":{\"@id\":\"https:\/\/chateau-lalagune.com\/fr\/#website\"},\"primaryImageOfPage\":{\"@id\":\"https:\/\/chateau-lalagune.com\/fr\/moulin-du-chateau-la-lagune\/#primaryimage\"},\"image\":{\"@id\":\"https:\/\/chateau-lalagune.com\/fr\/moulin-du-chateau-la-lagune\/#primaryimage\"},\"thumbnailUrl\":\"https:\/\/chateau-lalagune.com\/wp-content\/uploads\/2024\/04\/LL_-Homepage_MG_0134-Copy.jpg\",\"datePublished\":\"2024-04-04T15:24:32+00:00\",\"dateModified\":\"2024-04-29T12:49:22+00:00\",\"description\":\"\u00c0 une centaine de m\u00e8tres du ch\u00e2teau nous observons un authentique moulin \u00e0 vent. Le Moulin du Ch\u00e2teau La Lagune, il se distingue par sa gourmandise.\",\"breadcrumb\":{\"@id\":\"https:\/\/chateau-lalagune.com\/fr\/moulin-du-chateau-la-lagune\/#breadcrumb\"},\"inLanguage\":\"fr-FR\",\"potentialAction\":[{\"@type\":\"ReadAction\",\"target\":[\"https:\/\/chateau-lalagune.com\/fr\/moulin-du-chateau-la-lagune\/\"]}]},{\"@type\":\"ImageObject\",\"inLanguage\":\"fr-FR\",\"@id\":\"https:\/\/chateau-lalagune.com\/fr\/moulin-du-chateau-la-lagune\/#primaryimage\",\"url\":\"https:\/\/chateau-lalagune.com\/wp-content\/uploads\/2024\/04\/LL_-Homepage_MG_0134-Copy.jpg\",\"contentUrl\":\"https:\/\/chateau-lalagune.com\/wp-content\/uploads\/2024\/04\/LL_-Homepage_MG_0134-Copy.jpg\",\"width\":1281,\"height\":1920},{\"@type\":\"BreadcrumbList\",\"@id\":\"https:\/\/chateau-lalagune.com\/fr\/moulin-du-chateau-la-lagune\/#breadcrumb\",\"itemListElement\":[{\"@type\":\"ListItem\",\"position\":1,\"name\":\"Home\",\"item\":\"https:\/\/chateau-lalagune.com\/fr\/\"},{\"@type\":\"ListItem\",\"position\":2,\"name\":\"Moulin du Ch\u00e2teau La Lagune\"}]},{\"@type\":\"WebSite\",\"@id\":\"https:\/\/chateau-lalagune.com\/fr\/#website\",\"url\":\"https:\/\/chateau-lalagune.com\/fr\/\",\"name\":\"La Lagune\",\"description\":\"\",\"publisher\":{\"@id\":\"https:\/\/chateau-lalagune.com\/fr\/#organization\"},\"potentialAction\":[{\"@type\":\"SearchAction\",\"target\":{\"@type\":\"EntryPoint\",\"urlTemplate\":\"https:\/\/chateau-lalagune.com\/fr\/?s={search_term_string}\"},\"query-input\":{\"@type\":\"PropertyValueSpecification\",\"valueRequired\":true,\"valueName\":\"search_term_string\"}}],\"inLanguage\":\"fr-FR\"},{\"@type\":\"Organization\",\"@id\":\"https:\/\/chateau-lalagune.com\/fr\/#organization\",\"name\":\"La Lagune\",\"url\":\"https:\/\/chateau-lalagune.com\/fr\/\",\"logo\":{\"@type\":\"ImageObject\",\"inLanguage\":\"fr-FR\",\"@id\":\"https:\/\/chateau-lalagune.com\/fr\/#\/schema\/logo\/image\/\",\"url\":\"https:\/\/chateau-lalagune.com\/wp-content\/uploads\/2024\/04\/favicon.png\",\"contentUrl\":\"https:\/\/chateau-lalagune.com\/wp-content\/uploads\/2024\/04\/favicon.png\",\"width\":167,\"height\":167,\"caption\":\"La Lagune\"},\"image\":{\"@id\":\"https:\/\/chateau-lalagune.com\/fr\/#\/schema\/logo\/image\/\"}}]}<\/script>\n<!-- \/ Yoast SEO plugin. -->","yoast_head_json":{"title":"Moulin du Ch\u00e2teau La Lagune - Vins","description":"\u00c0 une centaine de m\u00e8tres du ch\u00e2teau nous observons un authentique moulin \u00e0 vent. Le Moulin du Ch\u00e2teau La Lagune, il se distingue par sa gourmandise.","robots":{"index":"index","follow":"follow","max-snippet":"max-snippet:-1","max-image-preview":"max-image-preview:large","max-video-preview":"max-video-preview:-1"},"canonical":"https:\/\/chateau-lalagune.com\/fr\/moulin-du-chateau-la-lagune\/","og_locale":"fr_FR","og_type":"article","og_title":"Moulin du Ch\u00e2teau La Lagune - Vins","og_description":"\u00c0 une centaine de m\u00e8tres du ch\u00e2teau nous observons un authentique moulin \u00e0 vent. Le Moulin du Ch\u00e2teau La Lagune, il se distingue par sa gourmandise.","og_url":"https:\/\/chateau-lalagune.com\/fr\/moulin-du-chateau-la-lagune\/","og_site_name":"La Lagune","article_modified_time":"2024-04-29T12:49:22+00:00","og_image":[{"width":1281,"height":1920,"url":"https:\/\/chateau-lalagune.com\/wp-content\/uploads\/2024\/04\/LL_-Homepage_MG_0134-Copy.jpg","type":"image\/jpeg"}],"twitter_card":"summary_large_image","twitter_misc":{"Dur\u00e9e de lecture estim\u00e9e":"1 minute"},"schema":{"@context":"https:\/\/schema.org","@graph":[{"@type":"WebPage","@id":"https:\/\/chateau-lalagune.com\/fr\/moulin-du-chateau-la-lagune\/","url":"https:\/\/chateau-lalagune.com\/fr\/moulin-du-chateau-la-lagune\/","name":"Moulin du Ch\u00e2teau La Lagune - Vins","isPartOf":{"@id":"https:\/\/chateau-lalagune.com\/fr\/#website"},"primaryImageOfPage":{"@id":"https:\/\/chateau-lalagune.com\/fr\/moulin-du-chateau-la-lagune\/#primaryimage"},"image":{"@id":"https:\/\/chateau-lalagune.com\/fr\/moulin-du-chateau-la-lagune\/#primaryimage"},"thumbnailUrl":"https:\/\/chateau-lalagune.com\/wp-content\/uploads\/2024\/04\/LL_-Homepage_MG_0134-Copy.jpg","datePublished":"2024-04-04T15:24:32+00:00","dateModified":"2024-04-29T12:49:22+00:00","description":"\u00c0 une centaine de m\u00e8tres du ch\u00e2teau nous observons un authentique moulin \u00e0 vent. Le Moulin du Ch\u00e2teau La Lagune, il se distingue par sa gourmandise.","breadcrumb":{"@id":"https:\/\/chateau-lalagune.com\/fr\/moulin-du-chateau-la-lagune\/#breadcrumb"},"inLanguage":"fr-FR","potentialAction":[{"@type":"ReadAction","target":["https:\/\/chateau-lalagune.com\/fr\/moulin-du-chateau-la-lagune\/"]}]},{"@type":"ImageObject","inLanguage":"fr-FR","@id":"https:\/\/chateau-lalagune.com\/fr\/moulin-du-chateau-la-lagune\/#primaryimage","url":"https:\/\/chateau-lalagune.com\/wp-content\/uploads\/2024\/04\/LL_-Homepage_MG_0134-Copy.jpg","contentUrl":"https:\/\/chateau-lalagune.com\/wp-content\/uploads\/2024\/04\/LL_-Homepage_MG_0134-Copy.jpg","width":1281,"height":1920},{"@type":"BreadcrumbList","@id":"https:\/\/chateau-lalagune.com\/fr\/moulin-du-chateau-la-lagune\/#breadcrumb","itemListElement":[{"@type":"ListItem","position":1,"name":"Home","item":"https:\/\/chateau-lalagune.com\/fr\/"},{"@type":"ListItem","position":2,"name":"Moulin du Ch\u00e2teau La Lagune"}]},{"@type":"WebSite","@id":"https:\/\/chateau-lalagune.com\/fr\/#website","url":"https:\/\/chateau-lalagune.com\/fr\/","name":"La Lagune","description":"","publisher":{"@id":"https:\/\/chateau-lalagune.com\/fr\/#organization"},"potentialAction":[{"@type":"SearchAction","target":{"@type":"EntryPoint","urlTemplate":"https:\/\/chateau-lalagune.com\/fr\/?s={search_term_string}"},"query-input":{"@type":"PropertyValueSpecification","valueRequired":true,"valueName":"search_term_string"}}],"inLanguage":"fr-FR"},{"@type":"Organization","@id":"https:\/\/chateau-lalagune.com\/fr\/#organization","name":"La Lagune","url":"https:\/\/chateau-lalagune.com\/fr\/","logo":{"@type":"ImageObject","inLanguage":"fr-FR","@id":"https:\/\/chateau-lalagune.com\/fr\/#\/schema\/logo\/image\/","url":"https:\/\/chateau-lalagune.com\/wp-content\/uploads\/2024\/04\/favicon.png","contentUrl":"https:\/\/chateau-lalagune.com\/wp-content\/uploads\/2024\/04\/favicon.png","width":167,"height":167,"caption":"La Lagune"},"image":{"@id":"https:\/\/chateau-lalagune.com\/fr\/#\/schema\/logo\/image\/"}}]}},"_links":{"self":[{"href":"https:\/\/chateau-lalagune.com\/fr\/wp-json\/wp\/v2\/pages\/474","targetHints":{"allow":["GET"]}}],"collection":[{"href":"https:\/\/chateau-lalagune.com\/fr\/wp-json\/wp\/v2\/pages"}],"about":[{"href":"https:\/\/chateau-lalagune.com\/fr\/wp-json\/wp\/v2\/types\/page"}],"author":[{"embeddable":true,"href":"https:\/\/chateau-lalagune.com\/fr\/wp-json\/wp\/v2\/users\/1"}],"replies":[{"embeddable":true,"href":"https:\/\/chateau-lalagune.com\/fr\/wp-json\/wp\/v2\/comments?post=474"}],"version-history":[{"count":2,"href":"https:\/\/chateau-lalagune.com\/fr\/wp-json\/wp\/v2\/pages\/474\/revisions"}],"predecessor-version":[{"id":530,"href":"https:\/\/chateau-lalagune.com\/fr\/wp-json\/wp\/v2\/pages\/474\/revisions\/530"}],"wp:featuredmedia":[{"embeddable":true,"href":"https:\/\/chateau-lalagune.com\/fr\/wp-json\/wp\/v2\/media\/382"}],"wp:attachment":[{"href":"https:\/\/chateau-lalagune.com\/fr\/wp-json\/wp\/v2\/media?parent=474"}],"curies":[{"name":"wp","href":"https:\/\/api.w.org\/{rel}","templated":true}]}}