{"id":478,"date":"2024-04-02T12:48:27","date_gmt":"2024-04-02T12:48:27","guid":{"rendered":"https:\/\/chateau-lalagune.com\/vinification-aging\/"},"modified":"2024-05-31T07:22:25","modified_gmt":"2024-05-31T07:22:25","slug":"vinification-aging","status":"publish","type":"page","link":"https:\/\/chateau-lalagune.com\/fr\/vinification-aging\/","title":{"rendered":"VINIFICATION &#038; ELEVAGE"},"content":{"rendered":"","protected":false},"excerpt":{"rendered":"","protected":false},"author":1,"featured_media":390,"parent":0,"menu_order":0,"comment_status":"closed","ping_status":"closed","template":"","meta":{"_acf_changed":false,"footnotes":""},"class_list":["post-478","page","type-page","status-publish","has-post-thumbnail","hentry"],"acf":[],"yoast_head":"<!-- This site is optimized with the Yoast SEO plugin v27.3 - https:\/\/yoast.com\/product\/yoast-seo-wordpress\/ -->\n<title>Vinification &amp; Elevage - Ch\u00e2teau La Lagune<\/title>\n<meta name=\"description\" content=\"Une \u0153uvre de passion et de perfection. \u00c9laborant m\u00e9ticuleusement les s\u00e9lections parcellaires.\" \/>\n<meta name=\"robots\" content=\"index, follow, max-snippet:-1, max-image-preview:large, max-video-preview:-1\" \/>\n<link rel=\"canonical\" href=\"https:\/\/chateau-lalagune.com\/fr\/vinification-aging\/\" \/>\n<meta property=\"og:locale\" content=\"fr_FR\" \/>\n<meta property=\"og:type\" content=\"article\" \/>\n<meta property=\"og:title\" content=\"Vinification &amp; Elevage - Ch\u00e2teau La Lagune\" \/>\n<meta property=\"og:description\" content=\"Une \u0153uvre de passion et de perfection. \u00c9laborant m\u00e9ticuleusement les s\u00e9lections parcellaires.\" \/>\n<meta property=\"og:url\" content=\"https:\/\/chateau-lalagune.com\/fr\/vinification-aging\/\" \/>\n<meta property=\"og:site_name\" content=\"La Lagune\" \/>\n<meta property=\"article:modified_time\" content=\"2024-05-31T07:22:25+00:00\" \/>\n<meta property=\"og:image\" content=\"https:\/\/chateau-lalagune.com\/wp-content\/uploads\/2024\/04\/LL_vinification_lalagune_fevrier-139-Copy.jpg\" \/>\n\t<meta property=\"og:image:width\" content=\"1283\" \/>\n\t<meta property=\"og:image:height\" content=\"1920\" \/>\n\t<meta property=\"og:image:type\" content=\"image\/jpeg\" \/>\n<meta name=\"twitter:card\" content=\"summary_large_image\" \/>\n<meta name=\"twitter:label1\" content=\"Dur\u00e9e de lecture estim\u00e9e\" \/>\n\t<meta name=\"twitter:data1\" content=\"1 minute\" \/>\n<script type=\"application\/ld+json\" class=\"yoast-schema-graph\">{\"@context\":\"https:\\\/\\\/schema.org\",\"@graph\":[{\"@type\":\"WebPage\",\"@id\":\"https:\\\/\\\/chateau-lalagune.com\\\/fr\\\/vinification-aging\\\/\",\"url\":\"https:\\\/\\\/chateau-lalagune.com\\\/fr\\\/vinification-aging\\\/\",\"name\":\"Vinification & Elevage - Ch\u00e2teau La Lagune\",\"isPartOf\":{\"@id\":\"https:\\\/\\\/chateau-lalagune.com\\\/fr\\\/#website\"},\"primaryImageOfPage\":{\"@id\":\"https:\\\/\\\/chateau-lalagune.com\\\/fr\\\/vinification-aging\\\/#primaryimage\"},\"image\":{\"@id\":\"https:\\\/\\\/chateau-lalagune.com\\\/fr\\\/vinification-aging\\\/#primaryimage\"},\"thumbnailUrl\":\"https:\\\/\\\/chateau-lalagune.com\\\/wp-content\\\/uploads\\\/2024\\\/04\\\/LL_vinification_lalagune_fevrier-139-Copy.jpg\",\"datePublished\":\"2024-04-02T12:48:27+00:00\",\"dateModified\":\"2024-05-31T07:22:25+00:00\",\"description\":\"Une \u0153uvre de passion et de perfection. \u00c9laborant m\u00e9ticuleusement les s\u00e9lections parcellaires.\",\"breadcrumb\":{\"@id\":\"https:\\\/\\\/chateau-lalagune.com\\\/fr\\\/vinification-aging\\\/#breadcrumb\"},\"inLanguage\":\"fr-FR\",\"potentialAction\":[{\"@type\":\"ReadAction\",\"target\":[\"https:\\\/\\\/chateau-lalagune.com\\\/fr\\\/vinification-aging\\\/\"]}]},{\"@type\":\"ImageObject\",\"inLanguage\":\"fr-FR\",\"@id\":\"https:\\\/\\\/chateau-lalagune.com\\\/fr\\\/vinification-aging\\\/#primaryimage\",\"url\":\"https:\\\/\\\/chateau-lalagune.com\\\/wp-content\\\/uploads\\\/2024\\\/04\\\/LL_vinification_lalagune_fevrier-139-Copy.jpg\",\"contentUrl\":\"https:\\\/\\\/chateau-lalagune.com\\\/wp-content\\\/uploads\\\/2024\\\/04\\\/LL_vinification_lalagune_fevrier-139-Copy.jpg\",\"width\":1283,\"height\":1920},{\"@type\":\"BreadcrumbList\",\"@id\":\"https:\\\/\\\/chateau-lalagune.com\\\/fr\\\/vinification-aging\\\/#breadcrumb\",\"itemListElement\":[{\"@type\":\"ListItem\",\"position\":1,\"name\":\"Home\",\"item\":\"https:\\\/\\\/chateau-lalagune.com\\\/fr\\\/\"},{\"@type\":\"ListItem\",\"position\":2,\"name\":\"VINIFICATION &#038; ELEVAGE\"}]},{\"@type\":\"WebSite\",\"@id\":\"https:\\\/\\\/chateau-lalagune.com\\\/fr\\\/#website\",\"url\":\"https:\\\/\\\/chateau-lalagune.com\\\/fr\\\/\",\"name\":\"La Lagune\",\"description\":\"\",\"publisher\":{\"@id\":\"https:\\\/\\\/chateau-lalagune.com\\\/fr\\\/#organization\"},\"potentialAction\":[{\"@type\":\"SearchAction\",\"target\":{\"@type\":\"EntryPoint\",\"urlTemplate\":\"https:\\\/\\\/chateau-lalagune.com\\\/fr\\\/?s={search_term_string}\"},\"query-input\":{\"@type\":\"PropertyValueSpecification\",\"valueRequired\":true,\"valueName\":\"search_term_string\"}}],\"inLanguage\":\"fr-FR\"},{\"@type\":\"Organization\",\"@id\":\"https:\\\/\\\/chateau-lalagune.com\\\/fr\\\/#organization\",\"name\":\"La Lagune\",\"url\":\"https:\\\/\\\/chateau-lalagune.com\\\/fr\\\/\",\"logo\":{\"@type\":\"ImageObject\",\"inLanguage\":\"fr-FR\",\"@id\":\"https:\\\/\\\/chateau-lalagune.com\\\/fr\\\/#\\\/schema\\\/logo\\\/image\\\/\",\"url\":\"https:\\\/\\\/chateau-lalagune.com\\\/wp-content\\\/uploads\\\/2024\\\/04\\\/favicon.png\",\"contentUrl\":\"https:\\\/\\\/chateau-lalagune.com\\\/wp-content\\\/uploads\\\/2024\\\/04\\\/favicon.png\",\"width\":167,\"height\":167,\"caption\":\"La Lagune\"},\"image\":{\"@id\":\"https:\\\/\\\/chateau-lalagune.com\\\/fr\\\/#\\\/schema\\\/logo\\\/image\\\/\"}}]}<\/script>\n<!-- \/ Yoast SEO plugin. -->","yoast_head_json":{"title":"Vinification & Elevage - Ch\u00e2teau La Lagune","description":"Une \u0153uvre de passion et de perfection. \u00c9laborant m\u00e9ticuleusement les s\u00e9lections parcellaires.","robots":{"index":"index","follow":"follow","max-snippet":"max-snippet:-1","max-image-preview":"max-image-preview:large","max-video-preview":"max-video-preview:-1"},"canonical":"https:\/\/chateau-lalagune.com\/fr\/vinification-aging\/","og_locale":"fr_FR","og_type":"article","og_title":"Vinification & Elevage - Ch\u00e2teau La Lagune","og_description":"Une \u0153uvre de passion et de perfection. \u00c9laborant m\u00e9ticuleusement les s\u00e9lections parcellaires.","og_url":"https:\/\/chateau-lalagune.com\/fr\/vinification-aging\/","og_site_name":"La Lagune","article_modified_time":"2024-05-31T07:22:25+00:00","og_image":[{"width":1283,"height":1920,"url":"https:\/\/chateau-lalagune.com\/wp-content\/uploads\/2024\/04\/LL_vinification_lalagune_fevrier-139-Copy.jpg","type":"image\/jpeg"}],"twitter_card":"summary_large_image","twitter_misc":{"Dur\u00e9e de lecture estim\u00e9e":"1 minute"},"schema":{"@context":"https:\/\/schema.org","@graph":[{"@type":"WebPage","@id":"https:\/\/chateau-lalagune.com\/fr\/vinification-aging\/","url":"https:\/\/chateau-lalagune.com\/fr\/vinification-aging\/","name":"Vinification & Elevage - Ch\u00e2teau La Lagune","isPartOf":{"@id":"https:\/\/chateau-lalagune.com\/fr\/#website"},"primaryImageOfPage":{"@id":"https:\/\/chateau-lalagune.com\/fr\/vinification-aging\/#primaryimage"},"image":{"@id":"https:\/\/chateau-lalagune.com\/fr\/vinification-aging\/#primaryimage"},"thumbnailUrl":"https:\/\/chateau-lalagune.com\/wp-content\/uploads\/2024\/04\/LL_vinification_lalagune_fevrier-139-Copy.jpg","datePublished":"2024-04-02T12:48:27+00:00","dateModified":"2024-05-31T07:22:25+00:00","description":"Une \u0153uvre de passion et de perfection. \u00c9laborant m\u00e9ticuleusement les s\u00e9lections parcellaires.","breadcrumb":{"@id":"https:\/\/chateau-lalagune.com\/fr\/vinification-aging\/#breadcrumb"},"inLanguage":"fr-FR","potentialAction":[{"@type":"ReadAction","target":["https:\/\/chateau-lalagune.com\/fr\/vinification-aging\/"]}]},{"@type":"ImageObject","inLanguage":"fr-FR","@id":"https:\/\/chateau-lalagune.com\/fr\/vinification-aging\/#primaryimage","url":"https:\/\/chateau-lalagune.com\/wp-content\/uploads\/2024\/04\/LL_vinification_lalagune_fevrier-139-Copy.jpg","contentUrl":"https:\/\/chateau-lalagune.com\/wp-content\/uploads\/2024\/04\/LL_vinification_lalagune_fevrier-139-Copy.jpg","width":1283,"height":1920},{"@type":"BreadcrumbList","@id":"https:\/\/chateau-lalagune.com\/fr\/vinification-aging\/#breadcrumb","itemListElement":[{"@type":"ListItem","position":1,"name":"Home","item":"https:\/\/chateau-lalagune.com\/fr\/"},{"@type":"ListItem","position":2,"name":"VINIFICATION &#038; ELEVAGE"}]},{"@type":"WebSite","@id":"https:\/\/chateau-lalagune.com\/fr\/#website","url":"https:\/\/chateau-lalagune.com\/fr\/","name":"La Lagune","description":"","publisher":{"@id":"https:\/\/chateau-lalagune.com\/fr\/#organization"},"potentialAction":[{"@type":"SearchAction","target":{"@type":"EntryPoint","urlTemplate":"https:\/\/chateau-lalagune.com\/fr\/?s={search_term_string}"},"query-input":{"@type":"PropertyValueSpecification","valueRequired":true,"valueName":"search_term_string"}}],"inLanguage":"fr-FR"},{"@type":"Organization","@id":"https:\/\/chateau-lalagune.com\/fr\/#organization","name":"La Lagune","url":"https:\/\/chateau-lalagune.com\/fr\/","logo":{"@type":"ImageObject","inLanguage":"fr-FR","@id":"https:\/\/chateau-lalagune.com\/fr\/#\/schema\/logo\/image\/","url":"https:\/\/chateau-lalagune.com\/wp-content\/uploads\/2024\/04\/favicon.png","contentUrl":"https:\/\/chateau-lalagune.com\/wp-content\/uploads\/2024\/04\/favicon.png","width":167,"height":167,"caption":"La Lagune"},"image":{"@id":"https:\/\/chateau-lalagune.com\/fr\/#\/schema\/logo\/image\/"}}]}},"_links":{"self":[{"href":"https:\/\/chateau-lalagune.com\/fr\/wp-json\/wp\/v2\/pages\/478","targetHints":{"allow":["GET"]}}],"collection":[{"href":"https:\/\/chateau-lalagune.com\/fr\/wp-json\/wp\/v2\/pages"}],"about":[{"href":"https:\/\/chateau-lalagune.com\/fr\/wp-json\/wp\/v2\/types\/page"}],"author":[{"embeddable":true,"href":"https:\/\/chateau-lalagune.com\/fr\/wp-json\/wp\/v2\/users\/1"}],"replies":[{"embeddable":true,"href":"https:\/\/chateau-lalagune.com\/fr\/wp-json\/wp\/v2\/comments?post=478"}],"version-history":[{"count":6,"href":"https:\/\/chateau-lalagune.com\/fr\/wp-json\/wp\/v2\/pages\/478\/revisions"}],"predecessor-version":[{"id":572,"href":"https:\/\/chateau-lalagune.com\/fr\/wp-json\/wp\/v2\/pages\/478\/revisions\/572"}],"wp:featuredmedia":[{"embeddable":true,"href":"https:\/\/chateau-lalagune.com\/fr\/wp-json\/wp\/v2\/media\/390"}],"wp:attachment":[{"href":"https:\/\/chateau-lalagune.com\/fr\/wp-json\/wp\/v2\/media?parent=478"}],"curies":[{"name":"wp","href":"https:\/\/api.w.org\/{rel}","templated":true}]}}